{"id":1639,"date":"2023-04-16T15:07:45","date_gmt":"2023-04-16T13:07:45","guid":{"rendered":"https:\/\/centrojardinverde.com\/?page_id=1639"},"modified":"2024-03-19T22:13:20","modified_gmt":"2024-03-19T20:13:20","slug":"naturaleza","status":"publish","type":"page","link":"https:\/\/riolimpio.info\/eng\/info\/naturaleza\/","title":{"rendered":"Nature"},"content":{"rendered":"<div data-elementor-type=\"wp-page\" data-elementor-id=\"1639\" class=\"elementor elementor-1639\" data-elementor-post-type=\"page\">\n\t\t\t\t<div class=\"elementor-element elementor-element-2b2d7792 e-flex e-con-boxed e-con e-parent\" data-id=\"2b2d7792\" data-element_type=\"container\" data-e-type=\"container\" data-settings=\"{&quot;jet_parallax_layout_list&quot;:[]}\">\n\t\t\t\t\t<div class=\"e-con-inner\">\n\t\t\t\t<div class=\"elementor-element elementor-element-4277435a elementor-widget elementor-widget-heading\" data-id=\"4277435a\" data-element_type=\"widget\" data-e-type=\"widget\" data-widget_type=\"heading.default\">\n\t\t\t\t<div class=\"elementor-widget-container\">\n\t\t\t\t\t<h2 class=\"elementor-heading-title elementor-size-default\">Nature<\/h2>\t\t\t\t<\/div>\n\t\t\t\t<\/div>\n\t\t\t\t<div class=\"elementor-element elementor-element-2f04764d elementor-widget elementor-widget-text-editor\" data-id=\"2f04764d\" data-element_type=\"widget\" data-e-type=\"widget\" data-widget_type=\"text-editor.default\">\n\t\t\t\t<div class=\"elementor-widget-container\">\n\t\t\t\t\t\t\t\t\t<p>The Rio Limpio valley is beautiful \u2013 it still rains enough. But slash-and-burn agriculture is still practiced in the R\u00edo Limpio Valley. And that is \"the big question\" for the future of the valley. The forest area decreases every year. How to achieve a change so that this corner of paradise is not destroyed. It's possible?<\/p>\t\t\t\t\t\t\t\t<\/div>\n\t\t\t\t<\/div>\n\t\t\t\t<div class=\"elementor-element elementor-element-7a5f2ab1 elementor-widget elementor-widget-read-more\" data-id=\"7a5f2ab1\" data-element_type=\"widget\" data-e-type=\"widget\" data-widget_type=\"read-more.default\">\n\t\t\t\t<div class=\"elementor-widget-container\">\n\t\t\t\t\t<\/div><\/div><\/div><\/div><\/div> <a href=\"https:\/\/riolimpio.info\/eng\/info\/naturaleza\/#more-1639\" class=\"more-link elementor-more-link\"><span aria-label=\"Continue reading Naturaleza\">Continue reading<\/span><\/a>","protected":false},"excerpt":{"rendered":"<p>Naturaleza El valle de Rio Limpio es bonito \u2013 todavia llueve suficiente. Pero todav\u00eda se practica en el valle de R\u00edo Limpio agricultura tumba y quema. Y eso es \"el gran precunta\" para el futuro del valle. La superficie forestal disminuye cada a\u00f1o. C\u00f3mo lograr un cambio para que este rinc\u00f3n del para\u00edso no sea [&hellip;]<\/p>\n","protected":false},"author":4,"featured_media":0,"parent":1140,"menu_order":7,"comment_status":"closed","ping_status":"closed","template":"","meta":{"iawp_total_views":20,"footnotes":""},"hf_cat_page":[23],"class_list":["post-1639","page","type-page","status-publish","hentry"],"_links":{"self":[{"href":"https:\/\/riolimpio.info\/eng\/wp-json\/wp\/v2\/pages\/1639","targetHints":{"allow":["GET"]}}],"collection":[{"href":"https:\/\/riolimpio.info\/eng\/wp-json\/wp\/v2\/pages"}],"about":[{"href":"https:\/\/riolimpio.info\/eng\/wp-json\/wp\/v2\/types\/page"}],"author":[{"embeddable":true,"href":"https:\/\/riolimpio.info\/eng\/wp-json\/wp\/v2\/users\/4"}],"replies":[{"embeddable":true,"href":"https:\/\/riolimpio.info\/eng\/wp-json\/wp\/v2\/comments?post=1639"}],"version-history":[{"count":0,"href":"https:\/\/riolimpio.info\/eng\/wp-json\/wp\/v2\/pages\/1639\/revisions"}],"up":[{"embeddable":true,"href":"https:\/\/riolimpio.info\/eng\/wp-json\/wp\/v2\/pages\/1140"}],"wp:attachment":[{"href":"https:\/\/riolimpio.info\/eng\/wp-json\/wp\/v2\/media?parent=1639"}],"wp:term":[{"taxonomy":"hf_cat_page","embeddable":true,"href":"https:\/\/riolimpio.info\/eng\/wp-json\/wp\/v2\/hf_cat_page?post=1639"}],"curies":[{"name":"wp","href":"https:\/\/api.w.org\/{rel}","templated":true}]}}