{"id":1497,"date":"2023-04-16T12:31:41","date_gmt":"2023-04-16T10:31:41","guid":{"rendered":"https:\/\/centrojardinverde.com\/?page_id=1497"},"modified":"2024-03-19T22:13:20","modified_gmt":"2024-03-19T20:13:20","slug":"excurciones","status":"publish","type":"page","link":"https:\/\/riolimpio.info\/eng\/info\/excurciones\/","title":{"rendered":"Excursions"},"content":{"rendered":"<div data-elementor-type=\"wp-page\" data-elementor-id=\"1497\" class=\"elementor elementor-1497\" data-elementor-post-type=\"page\">\n\t\t\t\t<div class=\"elementor-element elementor-element-22dc994d e-flex e-con-boxed e-con e-parent\" data-id=\"22dc994d\" data-element_type=\"container\" data-e-type=\"container\" data-settings=\"{&quot;jet_parallax_layout_list&quot;:[]}\">\n\t\t\t\t\t<div class=\"e-con-inner\">\n\t\t\t\t<div class=\"elementor-element elementor-element-2c69096c elementor-widget elementor-widget-heading\" data-id=\"2c69096c\" data-element_type=\"widget\" data-e-type=\"widget\" data-widget_type=\"heading.default\">\n\t\t\t\t<div class=\"elementor-widget-container\">\n\t\t\t\t\t<h2 class=\"elementor-heading-title elementor-size-default\">Excursions<\/h2>\t\t\t\t<\/div>\n\t\t\t\t<\/div>\n\t\t\t\t<div class=\"elementor-element elementor-element-2b0939e3 elementor-widget elementor-widget-text-editor\" data-id=\"2b0939e3\" data-element_type=\"widget\" data-e-type=\"widget\" data-widget_type=\"text-editor.default\">\n\t\t\t\t<div class=\"elementor-widget-container\">\n\t\t\t\t\t\t\t\t\t<p>You can spend time here exploring nearby plants and nature, or take a walk along the numerous nearby trails along the river and on the mountain slopes.<br \/><br \/>ROADS: To visit with guides: Nalca de Maco National Park, (2 days) 1990 meters, dwarf forest!), several waterfalls and rivers and Cuevas la Sidra (2 days). Of the country's 31 endemic birds, 22 can be observed here<\/p>\t\t\t\t\t\t\t\t<\/div>\n\t\t\t\t<\/div>\n\t\t\t\t<div class=\"elementor-element elementor-element-4eae6427 elementor-widget elementor-widget-read-more\" data-id=\"4eae6427\" data-element_type=\"widget\" data-e-type=\"widget\" data-widget_type=\"read-more.default\">\n\t\t\t\t<div class=\"elementor-widget-container\">\n\t\t\t\t\t<\/div><\/div><\/div><\/div><\/div> <a href=\"https:\/\/riolimpio.info\/eng\/info\/excurciones\/#more-1497\" class=\"more-link elementor-more-link\"><span aria-label=\"Continue reading Excurciones\">Continue reading<\/span><\/a>","protected":false},"excerpt":{"rendered":"<p>Excurciones Ustedes pueden pasar tiempo aqu\u00ed explorando plantas y la naturaleza cercana, o dar un paseo por los numerosos senderos cercanos a lo largo del r\u00edo y en las laderas de las monta\u00f1as. CAMINOS:\u00a0Para visitar con guias : Parque Nacional Nalca de Maco,\u00a0 (2 dias) 1990 metros, bosque enano!), varias cascadas y rios y Cuevas [&hellip;]<\/p>\n","protected":false},"author":4,"featured_media":0,"parent":1140,"menu_order":9,"comment_status":"closed","ping_status":"closed","template":"","meta":{"iawp_total_views":47,"footnotes":""},"hf_cat_page":[23],"class_list":["post-1497","page","type-page","status-publish","hentry"],"_links":{"self":[{"href":"https:\/\/riolimpio.info\/eng\/wp-json\/wp\/v2\/pages\/1497","targetHints":{"allow":["GET"]}}],"collection":[{"href":"https:\/\/riolimpio.info\/eng\/wp-json\/wp\/v2\/pages"}],"about":[{"href":"https:\/\/riolimpio.info\/eng\/wp-json\/wp\/v2\/types\/page"}],"author":[{"embeddable":true,"href":"https:\/\/riolimpio.info\/eng\/wp-json\/wp\/v2\/users\/4"}],"replies":[{"embeddable":true,"href":"https:\/\/riolimpio.info\/eng\/wp-json\/wp\/v2\/comments?post=1497"}],"version-history":[{"count":0,"href":"https:\/\/riolimpio.info\/eng\/wp-json\/wp\/v2\/pages\/1497\/revisions"}],"up":[{"embeddable":true,"href":"https:\/\/riolimpio.info\/eng\/wp-json\/wp\/v2\/pages\/1140"}],"wp:attachment":[{"href":"https:\/\/riolimpio.info\/eng\/wp-json\/wp\/v2\/media?parent=1497"}],"wp:term":[{"taxonomy":"hf_cat_page","embeddable":true,"href":"https:\/\/riolimpio.info\/eng\/wp-json\/wp\/v2\/hf_cat_page?post=1497"}],"curies":[{"name":"wp","href":"https:\/\/api.w.org\/{rel}","templated":true}]}}