{"id":1393,"date":"2023-04-16T11:38:08","date_gmt":"2023-04-16T09:38:08","guid":{"rendered":"https:\/\/centrojardinverde.com\/?page_id=1393"},"modified":"2024-03-19T22:13:20","modified_gmt":"2024-03-19T20:13:20","slug":"sauna","status":"publish","type":"page","link":"https:\/\/riolimpio.info\/eng\/info\/sauna\/","title":{"rendered":"Sauna"},"content":{"rendered":"<div data-elementor-type=\"wp-page\" data-elementor-id=\"1393\" class=\"elementor elementor-1393\" data-elementor-post-type=\"page\">\n\t\t\t\t<div class=\"elementor-element elementor-element-4bf4cda7 e-flex e-con-boxed e-con e-parent\" data-id=\"4bf4cda7\" data-element_type=\"container\" data-e-type=\"container\" data-settings=\"{&quot;jet_parallax_layout_list&quot;:[]}\">\n\t\t\t\t\t<div class=\"e-con-inner\">\n\t\t\t\t<div class=\"elementor-element elementor-element-1cab589a elementor-widget elementor-widget-heading\" data-id=\"1cab589a\" data-element_type=\"widget\" data-e-type=\"widget\" data-widget_type=\"heading.default\">\n\t\t\t\t<div class=\"elementor-widget-container\">\n\t\t\t\t\t<h2 class=\"elementor-heading-title elementor-size-default\">Sauna<\/h2>\t\t\t\t<\/div>\n\t\t\t\t<\/div>\n\t\t\t\t<div class=\"elementor-element elementor-element-208a013 elementor-widget elementor-widget-text-editor\" data-id=\"208a013\" data-element_type=\"widget\" data-e-type=\"widget\" data-widget_type=\"text-editor.default\">\n\t\t\t\t<div class=\"elementor-widget-container\">\n\t\t\t\t\t\t\t\t\t<p><strong>SAUNA FINLANDEZ<\/strong> : It is a unique and special experience to take a natural Finnish Sauna in the Center. It is very relaxing and healthy for your mind, body and spirit\u2026 with the natural aroma of eucalyptus or mint! You will feel it!\u00a0<\/p><p>After a hot day, when the cool night arrives \u00a0the sauna is good! And it's nice to talk about the good things in sauna life.<br \/>And after the sauna, everyone sleeps like babies.<\/p>\t\t\t\t\t\t\t\t<\/div>\n\t\t\t\t<\/div>\n\t\t\t\t<div class=\"elementor-element elementor-element-6dbb5f98 elementor-widget elementor-widget-read-more\" data-id=\"6dbb5f98\" data-element_type=\"widget\" data-e-type=\"widget\" data-widget_type=\"read-more.default\">\n\t\t\t\t<div class=\"elementor-widget-container\">\n\t\t\t\t\t<\/div><\/div><\/div><\/div><\/div> <a href=\"https:\/\/riolimpio.info\/eng\/info\/sauna\/#more-1393\" class=\"more-link elementor-more-link\"><span aria-label=\"Continue reading Sauna\">Continue reading<\/span><\/a>","protected":false},"excerpt":{"rendered":"<p>Sauna SAUNA FINLANDEZ : Es una experiencia unica y especial tomar una Sauna Finlandez natural en el Centro. Es muy relajante y saludable a su mente, cuerpo y espiritu\u2026 con el aroma natural de eucalipto o menta! Usted va a sentir!\u00a0 Despu\u00e9s de un d\u00eda c\u00e1liente, cuando llega la noche fresca \u00a0\u00a1la sauna es buena! [&hellip;]<\/p>\n","protected":false},"author":4,"featured_media":0,"parent":1140,"menu_order":10,"comment_status":"closed","ping_status":"closed","template":"","meta":{"iawp_total_views":35,"footnotes":""},"hf_cat_page":[23],"class_list":["post-1393","page","type-page","status-publish","hentry"],"_links":{"self":[{"href":"https:\/\/riolimpio.info\/eng\/wp-json\/wp\/v2\/pages\/1393","targetHints":{"allow":["GET"]}}],"collection":[{"href":"https:\/\/riolimpio.info\/eng\/wp-json\/wp\/v2\/pages"}],"about":[{"href":"https:\/\/riolimpio.info\/eng\/wp-json\/wp\/v2\/types\/page"}],"author":[{"embeddable":true,"href":"https:\/\/riolimpio.info\/eng\/wp-json\/wp\/v2\/users\/4"}],"replies":[{"embeddable":true,"href":"https:\/\/riolimpio.info\/eng\/wp-json\/wp\/v2\/comments?post=1393"}],"version-history":[{"count":0,"href":"https:\/\/riolimpio.info\/eng\/wp-json\/wp\/v2\/pages\/1393\/revisions"}],"up":[{"embeddable":true,"href":"https:\/\/riolimpio.info\/eng\/wp-json\/wp\/v2\/pages\/1140"}],"wp:attachment":[{"href":"https:\/\/riolimpio.info\/eng\/wp-json\/wp\/v2\/media?parent=1393"}],"wp:term":[{"taxonomy":"hf_cat_page","embeddable":true,"href":"https:\/\/riolimpio.info\/eng\/wp-json\/wp\/v2\/hf_cat_page?post=1393"}],"curies":[{"name":"wp","href":"https:\/\/api.w.org\/{rel}","templated":true}]}}